{"id":396,"date":"2022-02-15T16:27:42","date_gmt":"2022-02-15T15:27:42","guid":{"rendered":"https:\/\/landmarks.be\/staging\/?page_id=396"},"modified":"2024-11-27T15:36:24","modified_gmt":"2024-11-27T14:36:24","slug":"terms-and-conditions","status":"publish","type":"page","link":"https:\/\/landmarks.be\/fr\/terms-and-conditions\/","title":{"rendered":"Conditions d\u2019utilisation"},"content":{"rendered":"<p><strong>Informations<\/strong><\/p>\n<p>Ces Conditions d'utilisation contiennent les termes et conditions qui r\u00e9gissent et s'appliquent \u00e0 l'acc\u00e8s et \u00e0 l'utilisation de ce site web, appartenant \u00e0 Landmarks SA\/NV, Avenue de Tervuren 412, 1150 Bruxelles, enregistr\u00e9 sous le num\u00e9ro de soci\u00e9t\u00e9 0440.485.611 (RPR\/RPM Bruxelles).<\/p>\n<p>En utilisant le site web, vous reconnaissez avoir lu ces Conditions d'utilisation. L'application de conditions d\u00e9rogatoires et\/ou de vos propres conditions est express\u00e9ment exclue. Ces Conditions d'utilisation peuvent \u00eatre mises \u00e0 jour de temps en temps. Landmarks ne mettra pas \u00e0 disposition la version approuv\u00e9e des Conditions d'utilisation et ne l'archivera pas.<\/p>\n<p class=\" translation-block\">With regard to the collection and processing of personal data by Landmarks SA\/NV via the website, please consult our <a title=\"Privacy- en cookiebeleid\" href=\"\/privacy-and-cookie-policy\/\" target=\"_self\">Privacy and Cookie Policy<\/a>.<\/p>\n<p>Les informations disponibles sur ou via ce site web sont exclusivement de nature g\u00e9n\u00e9rale et ne sont fournies que pour une utilisation g\u00e9n\u00e9rale. Aucun droit ne peut \u00eatre d\u00e9riv\u00e9 des informations. Malgr\u00e9 le fait que Landmarks SA\/NV fasse le maximum d'efforts pour r\u00e9diger le contenu de ce site web avec le plus grand soin et pr\u00e9cision, le site web est fourni \"en l'\u00e9tat\" et il ne peut \u00eatre exclu que des informations soient obsol\u00e8tes, incompl\u00e8tes ou autrement incorrectes. Landmarks SA\/NV ne garantit pas que les fonctions contenues dans le site web r\u00e9pondront \u00e0 vos exigences ou besoins, ou que le site web fonctionnera sans erreurs, ou de mani\u00e8re ininterrompue, ou que les d\u00e9fauts ou erreurs du site web seront corrig\u00e9s. Landmarks SA\/NV ne sera pas responsable des dommages r\u00e9sultant de l'utilisation directe ou indirecte de ce site web.<\/p>\n<p>Landmarks SA\/NV se r\u00e9serve le droit de modifier, ajouter ou supprimer le contenu publi\u00e9 sur ce site web \u00e0 tout moment.<\/p>\n<p>Landmarks SA\/NV interdit express\u00e9ment l'utilisation des donn\u00e9es de contact publi\u00e9es dans le cadre de cet avis l\u00e9gal du site web pour l'envoi de mat\u00e9riel promotionnel et informatif non express\u00e9ment demand\u00e9 et se r\u00e9serve le droit de prendre des mesures l\u00e9gales sp\u00e9cifiques si du mat\u00e9riel publicitaire non sollicit\u00e9, tel que des spams par e-mail, est re\u00e7u.<\/p>\n<p><strong>Liens<\/strong><\/p>\n<p>Ce site web peut contenir des liens vers d'autres sites web. Landmarks SA\/NV ne surveille pas ces sites externes et n'a aucun contr\u00f4le technique ou de contenu sur ces sites. Par cons\u00e9quent, Landmarks SA\/NV n'assume aucune responsabilit\u00e9 pour le contenu de ces sites web ou des sites web vers lesquels ils peuvent renvoyer et ne peut garantir l'exhaustivit\u00e9 ou l'exactitude du contenu de ces sites externes.<\/p>\n<p><strong>Droits de propri\u00e9t\u00e9 intellectuelle<\/strong><\/p>\n<p>Le site web et son contenu, y compris les images, graphiques, logos, documents, textes, slogans, contenus utilisateur et autres informations, ainsi que tous les droits de propri\u00e9t\u00e9 intellectuelle y aff\u00e9rents (y compris les droits d'auteur, les droits de base de donn\u00e9es, les droits de marque) et autres droits sont la propri\u00e9t\u00e9 exclusive de Landmarks SA\/NV ou de ses conc\u00e9dants. Il n'est pas permis de copier, afficher, republier, traduire, offrir, transf\u00e9rer ou distribuer de quelque mani\u00e8re que ce soit l'un des contenus, sauf si cela est express\u00e9ment autoris\u00e9 dans ces Conditions d'utilisation ou explicitement autoris\u00e9 par \u00e9crit par Landmarks SA\/NV ou son conc\u00e9dant.<\/p>\n<p><strong>General provision<\/strong><\/p>\n<p>Si, pour une raison quelconque, une disposition de ces Conditions d'utilisation est d\u00e9clar\u00e9e invalide, nulle ou inapplicable, cette d\u00e9claration n'affectera pas la validit\u00e9 des autres dispositions. Dans ce cas, la disposition sera consid\u00e9r\u00e9e comme modifi\u00e9e dans la mesure minimale n\u00e9cessaire pour la rendre valide, l\u00e9gale et ex\u00e9cutoire. L'absence ou la n\u00e9gligence d'appliquer une disposition de ces Conditions d'utilisation ne constitue pas une renonciation \u00e0 cette disposition.<\/p>","protected":false},"excerpt":{"rendered":"<p>Information These Terms of Use contain the terms and conditions that govern and apply to the access to and use of this website, owned by Landmarks SA\/NV, Avenue de Tervuren 412, 1150 Brussels, registered under company number 0440.485.611 (RPR\/RPM Brussels). By using the website, you acknowledge that you have read these Terms of Use. The [&hellip;]<\/p>","protected":false},"author":2,"featured_media":0,"parent":0,"menu_order":0,"comment_status":"closed","ping_status":"closed","template":"","meta":{"_acf_changed":false,"footnotes":""},"class_list":["post-396","page","type-page","status-publish","hentry"],"acf":[],"aioseo_notices":[],"_links":{"self":[{"href":"https:\/\/landmarks.be\/fr\/wp-json\/wp\/v2\/pages\/396","targetHints":{"allow":["GET"]}}],"collection":[{"href":"https:\/\/landmarks.be\/fr\/wp-json\/wp\/v2\/pages"}],"about":[{"href":"https:\/\/landmarks.be\/fr\/wp-json\/wp\/v2\/types\/page"}],"author":[{"embeddable":true,"href":"https:\/\/landmarks.be\/fr\/wp-json\/wp\/v2\/users\/2"}],"replies":[{"embeddable":true,"href":"https:\/\/landmarks.be\/fr\/wp-json\/wp\/v2\/comments?post=396"}],"version-history":[{"count":7,"href":"https:\/\/landmarks.be\/fr\/wp-json\/wp\/v2\/pages\/396\/revisions"}],"predecessor-version":[{"id":1049,"href":"https:\/\/landmarks.be\/fr\/wp-json\/wp\/v2\/pages\/396\/revisions\/1049"}],"wp:attachment":[{"href":"https:\/\/landmarks.be\/fr\/wp-json\/wp\/v2\/media?parent=396"}],"curies":[{"name":"wp","href":"https:\/\/api.w.org\/{rel}","templated":true}]}}