{"id":793,"date":"2024-06-14T16:55:24","date_gmt":"2024-06-14T14:55:24","guid":{"rendered":"https:\/\/landmarks.be\/?page_id=793"},"modified":"2024-11-27T15:37:05","modified_gmt":"2024-11-27T14:37:05","slug":"privacy-and-cookie-policy","status":"publish","type":"page","link":"https:\/\/landmarks.be\/fr\/privacy-and-cookie-policy\/","title":{"rendered":"Politique de Confidentialit\u00e9 et de Cookies"},"content":{"rendered":"<p>This Privacy and Cookie Policy describes how Landmarks SA\/NV processes personal data and uses cookies on its website. It may be amended at any time and the latest version is available on the website https:\/\/landmarks.be\/. This Privacy and Cookie Policy was last updated on [20\/06\/2024].<\/p>\n\n\n\n<h2 class=\"wp-block-heading\"><strong>Politique de Confidentialit\u00e9<\/strong><\/h2>\n\n\n\n<p><strong>G\u00e9n\u00e9ral<\/strong><\/p>\n\n\n\n<p>Ce qui suit donne un aper\u00e7u de ce qu'il advient de vos informations personnelles lorsque vous visitez notre site web. Les informations personnelles sont toutes les donn\u00e9es avec lesquelles vous pourriez \u00eatre personnellement identifi\u00e9.<\/p>\n\n\n\n<p><strong>Collecte de donn\u00e9es sur notre site web<\/strong><\/p>\n\n\n\n<p>Qui est responsable de la collecte et du traitement des donn\u00e9es sur ce site web ?<\/p>\n\n\n\n<p>Le responsable des op\u00e9rations de traitement d\u00e9finies ci-dessous est la soci\u00e9t\u00e9 Landmarks SA\/NV Avenue de Tervuren 412 1150 Bruxelles enregistr\u00e9e sous le num\u00e9ro d'entreprise 0440.485.611 (RPR\/RPM Bruxelles) qui peut \u00eatre contact\u00e9e \u00e0 tout moment :<\/p>\n\n\n\n<ul class=\"wp-block-list\">\n<li>par courrier \u00e0 l'adresse de son si\u00e8ge social,<\/li>\n\n\n\n<li>par email \u00e0 info@landmarks.be ou<\/li>\n\n\n\n<li>par t\u00e9l\u00e9phone au +32 (0)2 779 95 49.<\/li>\n<\/ul>\n\n\n\n<p>Comment collectons-nous vos donn\u00e9es ?<\/p>\n\n\n\n<p>Certaines donn\u00e9es sont collect\u00e9es lorsque vous nous les fournissez. Cela peut par exemple \u00eatre des donn\u00e9es que vous entrez dans un formulaire de contact.<\/p>\n\n\n\n<p>D'autres donn\u00e9es sont collect\u00e9es automatiquement par nos syst\u00e8mes informatiques lorsque vous visitez le site web. Ces donn\u00e9es sont principalement des donn\u00e9es techniques telles que le navigateur et le syst\u00e8me d'exploitation que vous utilisez ou l'heure d'acc\u00e8s \u00e0 la page. Ces donn\u00e9es sont collect\u00e9es automatiquement d\u00e8s que vous entrez sur notre site web. D'autres donn\u00e9es ne seront collect\u00e9es que lorsque vous visiterez le site web \u00e0 partir du moment o\u00f9 vous aurez consenti via notre banni\u00e8re de cookies (voir notre politique de cookies ci-dessous).<\/p>\n\n\n\n<p>\u00c0 quoi utilisons-nous vos donn\u00e9es ?<\/p>\n\n\n\n<p>Si vous visitez notre site web, nous traitons vos donn\u00e9es personnelles en tant que responsable du traitement pour les finalit\u00e9s suivantes :<\/p>\n\n\n\n<ul class=\"wp-block-list\">\n<li>Pour r\u00e9pondre \u00e0 votre question ou demande d'information afin de prendre des mesures pr\u00e9contractuelles \u00e0 votre demande ;<\/li>\n\n\n\n<li>Pour le placement et la lecture de cookies, sur la base de votre consentement. Vous trouverez plus d'informations ci-dessous concernant notre utilisation des cookies.<\/li>\n<\/ul>\n\n\n\n<p>Vous pouvez r\u00e9voquer votre consentement \u00e0 tout moment.<\/p>\n\n\n\n<p>Pour atteindre ces objectifs, nous pouvons partager vos donn\u00e9es personnelles avec:<\/p>\n\n\n\n<ul class=\"wp-block-list\">\n<li>des employ\u00e9s et des \u00e9tudiants jobiste dans la mesure o\u00f9 ils ont besoin de vos donn\u00e9es personnelles pour l'exercice de leurs fonctions ;<\/li>\n\n\n\n<li>des sous-traitants qui traitent des donn\u00e9es personnelles en notre nom (sous-traitants) ;<\/li>\n\n\n\n<li>les tiers mentionn\u00e9s dans la politique de cookies.<\/li>\n<\/ul>\n\n\n\n<p>Combien de temps conservons-nous vos donn\u00e9es ?<\/p>\n\n\n\n<p>Nous conservons vos donn\u00e9es personnelles pendant un maximum de 10 ans apr\u00e8s que vous soyez devenus inactifs en tant que (potentiel) client. Pour les donn\u00e9es issues des cookies, voir notre politique de cookies ci-dessous.<\/p>\n\n\n\n<p>Quels sont vos droits concernant vos donn\u00e9es ?<\/p>\n\n\n\n<p>Vous pouvez exercer les droits suivants en nous contactant :<\/p>\n\n\n\n<ul class=\"wp-block-list\">\n<li>le droit d'acc\u00e8s \u00e0 vos donn\u00e9es personnelles pour savoir quelles donn\u00e9es personnelles nous traitons \u00e0 votre sujet.<\/li>\n\n\n\n<li>le droit de rectification de vos donn\u00e9es personnelles pour corriger ou compl\u00e9ter des donn\u00e9es personnelles incorrectes ou incompl\u00e8tes que nous traitons \u00e0 votre sujet.<\/li>\n\n\n\n<li>le droit \u00e0 l'effacement de vos donn\u00e9es personnelles pour supprimer d\u00e9finitivement les donn\u00e9es personnelles que nous traitons \u00e0 votre sujet, mais uniquement dans les cas et dans la mesure pr\u00e9vus par la loi.<\/li>\n\n\n\n<li>le droit de limiter le traitement des donn\u00e9es personnelles vous concernant pour geler notre utilisation de vos donn\u00e9es personnelles sans les supprimer, mais uniquement dans les cas et dans les mesures pr\u00e9vus par la loi.<\/li>\n\n\n\n<li>le droit de vous opposer au traitement de vos donn\u00e9es personnelles, mais uniquement si nous traitons vos donn\u00e9es personnelles sur la base de notre int\u00e9r\u00eat l\u00e9gitime.<\/li>\n\n\n\n<li>le droit de retirer votre consentement si le traitement est bas\u00e9 sur le consentement.<\/li>\n\n\n\n<li>le droit de vous opposer au traitement de vos donn\u00e9es personnelles \u00e0 des fins de marketing direct, le cas \u00e9ch\u00e9ant.<\/li>\n\n\n\n<li>le droit \u00e0 la portabilit\u00e9 des donn\u00e9es pour transf\u00e9rer, copier ou d\u00e9placer facilement des donn\u00e9es personnelles d'un responsable du traitement \u00e0 un autre, mais uniquement si le traitement est bas\u00e9 sur votre consentement ou sur un accord conclu avec vous.<\/li>\n<\/ul>\n\n\n\n<p>Vous pouvez \u00e9galement d\u00e9poser une plainte aupr\u00e8s des autorit\u00e9s de r\u00e9gulation comp\u00e9tentes. Pour la Belgique, il s'agit de l'Autorit\u00e9 de Protection des Donn\u00e9es (<a href=\"https:\/\/www.dataprotectionauthority.be\/\">https:\/\/www.dataprotectionauthority.be\/<\/a>)<\/p>\n\n\n\n<p>Partageons-nous vos donn\u00e9es personnelles en dehors de l'Union Europ\u00e9enne ?<\/p>\n\n\n\n<p>Nous ne transf\u00e9rerons pas vos donn\u00e9es personnelles vers des pays en dehors de la Belgique ou de l'Espace \u00c9conomique Europ\u00e9en, sauf (i) \u00e0 votre demande ou (ii) dans la mesure n\u00e9cessaire pour l'institution, l'exercice ou la justification d'une r\u00e9clamation l\u00e9gale.<\/p>\n\n\n\n<p>Dans le cadre de l'utilisation de certaines applications logicielles, des donn\u00e9es personnelles peuvent toutefois \u00eatre temporairement transf\u00e9r\u00e9es vers des pays en dehors de l'Espace \u00c9conomique Europ\u00e9en. Dans ce cas, un niveau de protection ad\u00e9quat est assur\u00e9 par l'utilisation des Clauses Standard de la Commission Europ\u00e9enne.<\/p>\n\n\n\n<h2 class=\"wp-block-heading\"><strong>Politique de Cookies<\/strong><\/h2>\n\n\n\n<p>Certaines de nos pages web utilisent des cookies. Les cookies ne nuisent pas \u00e0 votre ordinateur et ne contiennent pas de virus. Les cookies aident \u00e0 rendre notre site web plus convivial, efficace et s\u00e9curis\u00e9. Les cookies sont de petits fichiers texte qui sont stock\u00e9s sur votre ordinateur et sauvegard\u00e9s par votre navigateur. Par exemple, ces cookies permettent de reconna\u00eetre votre navigateur lors de votre prochaine visite sur le site.<\/p>\n\n\n\n<p>Ce site web utilise des cookies fonctionnels, de pr\u00e9f\u00e9rence, statistiques et marketing. Nous utilisons ces cookies pour collecter et analyser des informations sur votre visite. Vous pouvez d\u00e9finir vos pr\u00e9f\u00e9rences de cookies et trouver plus de d\u00e9tails ci-dessous.<\/p>\n\n\n\n<p>La plupart des cookies que nous utilisons sont des \"cookies de session\". Ils sont automatiquement supprim\u00e9s apr\u00e8s votre visite. D'autres cookies sont des \"cookies permanents\" et restent plus longtemps dans la m\u00e9moire de votre appareil, parfois jusqu'\u00e0 ce que vous les supprimiez.<\/p>\n\n\n\n<p>Ce site web utilise les cookies suivants :<\/p>\n\n\n\n<figure class=\"wp-block-table\"><table><tbody><tr><td><strong>Nom<\/strong><\/td><td><strong>Fournisseur<\/strong><\/td><td><strong>Objectif<\/strong><\/td><td><strong>Expiration<\/strong><\/td><td><strong>Type<\/strong><\/td><\/tr><tr><td colspan=\"5\"><strong>Cookies n\u00e9cessaires<\/strong><\/td><\/tr><tr><td><\/td><td><\/td><td><\/td><td><\/td><td><\/td><\/tr><tr><td>ar_debug<\/td><td>doubleclick.net<\/td><td><\/td><td>2024-07-26<\/td><td>Analyse<\/td><\/tr><tr><td>__Secure-1PAPISID<\/td><td>google.be<\/td><td><\/td><td>2025-07-10<\/td><td>S\u00e9curit\u00e9<\/td><\/tr><tr><td>__Secure-1PSID<\/td><td>google.be<\/td><td><\/td><td>2025-07-10<\/td><td>S\u00e9curit\u00e9<\/td><\/tr><tr><td>__Secure-3PAPISID<\/td><td>google.be<\/td><td><\/td><td>2025-07-10<\/td><td>S\u00e9curit\u00e9<\/td><\/tr><tr><td>__Secure-3PSID<\/td><td>google.be<\/td><td><\/td><td>2025-07-10<\/td><td>S\u00e9curit\u00e9<\/td><\/tr><tr><td>__Secure-ENID<\/td><td>google.be<\/td><td><\/td><td>2025-07-10<\/td><td>S\u00e9curit\u00e9<\/td><\/tr><tr><td>_ga_WGN07WDTWL<\/td><td>Google<\/td><td>Google Analytics utilise ce cookie pour stocker et compter les vues de page.<\/td><td>2025-08-01<\/td><td>Analyse<\/td><\/tr><tr><td>_ga<\/td><td>&nbsp;Analyse<\/td><td>Google Analytics utilise ce cookie pour calculer les donn\u00e9es sur les visiteurs, les sessions et les campagnes, ainsi que pour suivre l'utilisation du site. Ce cookie stocke les informations de mani\u00e8re anonyme et attribue un num\u00e9ro g\u00e9n\u00e9r\u00e9 al\u00e9atoirement pour reconna\u00eetre les visiteurs uniques.<\/td><td>2025-08-01<\/td><td>&nbsp;Analyse<\/td><\/tr><tr><td colspan=\"5\"><strong>Cookies de statistiques et de marketing<\/strong><\/td><\/tr><tr><td>&nbsp;burst_uid<\/td><td>Complianz<\/td><td><\/td><td><\/td><td>Other<\/td><\/tr><tr><td>cmplz_functional<\/td><td>Complianz<\/td><td>Stocke le param\u00e8tre du niveau fonctionnel de l'accord sur les cookies.<\/td><td>2025-06-27<\/td><td>https:\/\/complianz.io\/legal\/privacy-statement\/<\/td><\/tr><tr><td>_omappvp<\/td><td><a href=\"https:\/\/cookiedatabase.org\/service\/optinmonster\/\">OptinMonster<\/a><\/td><td class=\" translation-block\">Pour <a href=\"https:\/\/cookiedatabase.org\/cookiefunctions\/stores-last-visit\/\" target=\"_self\">stocker la derni\u00e8re visite<\/a>.<\/td><td>&nbsp;1 year<\/td><td><br>Statistics<\/td><\/tr><tr><td>cmplz_marketing<\/td><td>Complianz<\/td><td>Stocke le param\u00e8tre du niveau marketing\/statistique de l'accord sur les cookies.<\/td><td>2025-06-27<\/td><td>https:\/\/complianz.io\/legal\/privacy-statement\/<\/td><\/tr><tr><td>cmplz_statistics<\/td><td>Complianz<\/td><td>Stocke le param\u00e8tre du niveau statistique de l'accord sur les cookies.<\/td><td>2025-06-27<\/td><td>https:\/\/complianz.io\/legal\/privacy-statement\/<\/td><\/tr><tr><td>cmplz_consented_services<\/td><td>&nbsp;Complianz<\/td><td>&nbsp;Stocke les pr\u00e9f\u00e9rences de consentement pour les cookies.<\/td><td>2025-06-27<\/td><td>https:\/\/complianz.io\/legal\/privacy-statement\/<\/td><\/tr><tr><td>cmplz_banner-status<\/td><td>&nbsp;Complianz<\/td><td>Ce cookie enregistre si la banni\u00e8re de cookies a \u00e9t\u00e9 rejet\u00e9e.<\/td><td>2025-06-27<\/td><td>https:\/\/complianz.io\/legal\/privacy-statement\/<\/td><\/tr><tr><td>cmplz_preferences<\/td><td>&nbsp;Complianz<\/td><td>Stocke le param\u00e8tre du niveau des pr\u00e9f\u00e9rences de l'accord sur les cookies.<\/td><td>2025-06-27<\/td><td>https:\/\/complianz.io\/legal\/privacy-statement\/<\/td><\/tr><\/tbody><\/table><\/figure>\n\n\n\n<p>Vous pouvez \u00e9galement configurer votre navigateur pour vous informer de l'utilisation des cookies afin que vous puissiez d\u00e9cider au cas par cas d'accepter ou de refuser un cookie. Alternativement, votre navigateur peut \u00eatre configur\u00e9 pour accepter automatiquement les cookies dans certaines conditions ou pour toujours les refuser ou pour supprimer automatiquement les cookies \u00e0 la fermeture de votre navigateur. D\u00e9sactiver les cookies peut limiter la fonctionnalit\u00e9 de ce site web.<\/p>","protected":false},"excerpt":{"rendered":"<p>This Privacy and Cookie Policy describes how Landmarks SA\/NV processes personal data and uses cookies on its website. It may be amended at any time and the latest version is available on the website https:\/\/landmarks.be\/. This Privacy and Cookie Policy was last updated on [20\/06\/2024]. Privacy Policy General The following gives an overview of what [&hellip;]<\/p>","protected":false},"author":2,"featured_media":0,"parent":0,"menu_order":0,"comment_status":"closed","ping_status":"closed","template":"","meta":{"_acf_changed":false,"footnotes":""},"class_list":["post-793","page","type-page","status-publish","hentry"],"acf":[],"aioseo_notices":[],"_links":{"self":[{"href":"https:\/\/landmarks.be\/fr\/wp-json\/wp\/v2\/pages\/793","targetHints":{"allow":["GET"]}}],"collection":[{"href":"https:\/\/landmarks.be\/fr\/wp-json\/wp\/v2\/pages"}],"about":[{"href":"https:\/\/landmarks.be\/fr\/wp-json\/wp\/v2\/types\/page"}],"author":[{"embeddable":true,"href":"https:\/\/landmarks.be\/fr\/wp-json\/wp\/v2\/users\/2"}],"replies":[{"embeddable":true,"href":"https:\/\/landmarks.be\/fr\/wp-json\/wp\/v2\/comments?post=793"}],"version-history":[{"count":17,"href":"https:\/\/landmarks.be\/fr\/wp-json\/wp\/v2\/pages\/793\/revisions"}],"predecessor-version":[{"id":1050,"href":"https:\/\/landmarks.be\/fr\/wp-json\/wp\/v2\/pages\/793\/revisions\/1050"}],"wp:attachment":[{"href":"https:\/\/landmarks.be\/fr\/wp-json\/wp\/v2\/media?parent=793"}],"curies":[{"name":"wp","href":"https:\/\/api.w.org\/{rel}","templated":true}]}}